{"id":782,"date":"2026-02-28T18:38:01","date_gmt":"2026-02-28T17:38:01","guid":{"rendered":"https:\/\/psycho-genea.fr\/?page_id=782"},"modified":"2026-03-26T21:06:14","modified_gmt":"2026-03-26T20:06:14","slug":"conference-a-volmerange-les-mines","status":"publish","type":"page","link":"https:\/\/psycho-genea.fr\/index.php\/conference-a-volmerange-les-mines\/","title":{"rendered":"Conf\u00e9rence \u00e0 Volmerange les mines"},"content":{"rendered":"\n<p>Un grand merci \u00e0 l&#8217;association ACTE et Fr\u00e9d\u00e9ric Hormain qui m&#8217;a propos\u00e9 de faire une conf\u00e9rence sur le d\u00e9codage du pr\u00e9nom dans le transg\u00e9n\u00e9rationnel Vendredi 17 f\u00e9vrier 2026.<\/p>\n\n\n\n<p>Une suite est sans doute \u00e0 venir avec une nouvelle conf\u00e9rence sur la psychog\u00e9n\u00e9alogie.<\/p>\n\n\n\n<p>Au plaisir de tous vous retrouver !<\/p>\n\n\n\n<div class=\"wp-block-columns is-layout-flex wp-container-core-columns-is-layout-9d6595d7 wp-block-columns-is-layout-flex\">\n<div class=\"wp-block-column is-layout-flow wp-block-column-is-layout-flow\" style=\"flex-basis:100%\">\n<figure class=\"wp-block-gallery has-nested-images columns-default is-cropped wp-block-gallery-1 is-layout-flex wp-block-gallery-is-layout-flex\">\n<figure class=\"wp-block-image size-large\"><img fetchpriority=\"high\" decoding=\"async\" width=\"1024\" height=\"768\" data-id=\"787\" src=\"https:\/\/psycho-genea.fr\/wp-content\/uploads\/2026\/02\/7607540297900533442-1024x768.jpg\" alt=\"\" class=\"wp-image-787\" srcset=\"https:\/\/psycho-genea.fr\/wp-content\/uploads\/2026\/02\/7607540297900533442-1024x768.jpg 1024w, https:\/\/psycho-genea.fr\/wp-content\/uploads\/2026\/02\/7607540297900533442-300x225.jpg 300w, https:\/\/psycho-genea.fr\/wp-content\/uploads\/2026\/02\/7607540297900533442-768x576.jpg 768w, https:\/\/psycho-genea.fr\/wp-content\/uploads\/2026\/02\/7607540297900533442-1536x1152.jpg 1536w, https:\/\/psycho-genea.fr\/wp-content\/uploads\/2026\/02\/7607540297900533442-80x60.jpg 80w, https:\/\/psycho-genea.fr\/wp-content\/uploads\/2026\/02\/7607540297900533442.jpg 2000w\" sizes=\"(max-width: 1024px) 100vw, 1024px\" \/><\/figure>\n\n\n\n<figure class=\"wp-block-image size-large\"><img decoding=\"async\" width=\"1024\" height=\"768\" data-id=\"789\" src=\"https:\/\/psycho-genea.fr\/wp-content\/uploads\/2026\/02\/7092424326618323465-1024x768.jpg\" alt=\"\" class=\"wp-image-789\" srcset=\"https:\/\/psycho-genea.fr\/wp-content\/uploads\/2026\/02\/7092424326618323465-1024x768.jpg 1024w, https:\/\/psycho-genea.fr\/wp-content\/uploads\/2026\/02\/7092424326618323465-300x225.jpg 300w, https:\/\/psycho-genea.fr\/wp-content\/uploads\/2026\/02\/7092424326618323465-768x576.jpg 768w, https:\/\/psycho-genea.fr\/wp-content\/uploads\/2026\/02\/7092424326618323465-1536x1152.jpg 1536w, https:\/\/psycho-genea.fr\/wp-content\/uploads\/2026\/02\/7092424326618323465-80x60.jpg 80w, https:\/\/psycho-genea.fr\/wp-content\/uploads\/2026\/02\/7092424326618323465.jpg 2048w\" sizes=\"(max-width: 1024px) 100vw, 1024px\" \/><\/figure>\n\n\n\n<figure class=\"wp-block-image size-large\"><img decoding=\"async\" width=\"1024\" height=\"586\" data-id=\"788\" src=\"https:\/\/psycho-genea.fr\/wp-content\/uploads\/2026\/02\/3185314445002773428-1024x586.jpg\" alt=\"\" class=\"wp-image-788\" srcset=\"https:\/\/psycho-genea.fr\/wp-content\/uploads\/2026\/02\/3185314445002773428-1024x586.jpg 1024w, https:\/\/psycho-genea.fr\/wp-content\/uploads\/2026\/02\/3185314445002773428-300x172.jpg 300w, https:\/\/psycho-genea.fr\/wp-content\/uploads\/2026\/02\/3185314445002773428-768x439.jpg 768w, https:\/\/psycho-genea.fr\/wp-content\/uploads\/2026\/02\/3185314445002773428-1536x879.jpg 1536w, https:\/\/psycho-genea.fr\/wp-content\/uploads\/2026\/02\/3185314445002773428-105x60.jpg 105w, https:\/\/psycho-genea.fr\/wp-content\/uploads\/2026\/02\/3185314445002773428.jpg 2047w\" sizes=\"(max-width: 1024px) 100vw, 1024px\" \/><\/figure>\n<\/figure>\n<\/div>\n<\/div>\n","protected":false},"excerpt":{"rendered":"<p>Un grand merci \u00e0 l&#8217;association ACTE et Fr\u00e9d\u00e9ric Hormain qui m&#8217;a propos\u00e9 de faire une conf\u00e9rence sur le d\u00e9codage du pr\u00e9nom dans le transg\u00e9n\u00e9rationnel Vendredi 17 f\u00e9vrier 2026. Une suite est sans doute \u00e0 venir avec une nouvelle conf\u00e9rence sur la psychog\u00e9n\u00e9alogie. Au plaisir de &hellip; <\/p>\n","protected":false},"author":1,"featured_media":0,"parent":0,"menu_order":0,"comment_status":"closed","ping_status":"closed","template":"","meta":{"footnotes":""},"class_list":["post-782","page","type-page","status-publish","hentry"],"_links":{"self":[{"href":"https:\/\/psycho-genea.fr\/index.php\/wp-json\/wp\/v2\/pages\/782","targetHints":{"allow":["GET"]}}],"collection":[{"href":"https:\/\/psycho-genea.fr\/index.php\/wp-json\/wp\/v2\/pages"}],"about":[{"href":"https:\/\/psycho-genea.fr\/index.php\/wp-json\/wp\/v2\/types\/page"}],"author":[{"embeddable":true,"href":"https:\/\/psycho-genea.fr\/index.php\/wp-json\/wp\/v2\/users\/1"}],"replies":[{"embeddable":true,"href":"https:\/\/psycho-genea.fr\/index.php\/wp-json\/wp\/v2\/comments?post=782"}],"version-history":[{"count":2,"href":"https:\/\/psycho-genea.fr\/index.php\/wp-json\/wp\/v2\/pages\/782\/revisions"}],"predecessor-version":[{"id":790,"href":"https:\/\/psycho-genea.fr\/index.php\/wp-json\/wp\/v2\/pages\/782\/revisions\/790"}],"wp:attachment":[{"href":"https:\/\/psycho-genea.fr\/index.php\/wp-json\/wp\/v2\/media?parent=782"}],"curies":[{"name":"wp","href":"https:\/\/api.w.org\/{rel}","templated":true}]}}